{"id":464,"date":"2019-03-18T09:59:13","date_gmt":"2019-03-18T09:59:13","guid":{"rendered":"http:\/\/yfu.or.id\/?page_id=464"},"modified":"2021-10-07T16:24:14","modified_gmt":"2021-10-07T16:24:14","slug":"testimoni","status":"publish","type":"page","link":"https:\/\/yfu.or.id\/index.php\/testimoni\/","title":{"rendered":"Testimoni"},"content":{"rendered":"\n<div class=\"wp-block-columns has-2-columns is-layout-flex wp-container-core-columns-is-layout-9d6595d7 wp-block-columns-is-layout-flex\">\n<div class=\"wp-block-column is-layout-flow wp-block-column-is-layout-flow\">\n<div class=\"wp-block-image\"><figure class=\"aligncenter is-resized\"><img loading=\"lazy\" decoding=\"async\" src=\"http:\/\/yfu.or.id\/wp-content\/uploads\/2019\/04\/IMG_4118-819x1024.jpg\" alt=\"\" class=\"wp-image-1198\" width=\"249\" height=\"311\" srcset=\"https:\/\/yfu.or.id\/wp-content\/uploads\/2019\/04\/IMG_4118-819x1024.jpg 819w, https:\/\/yfu.or.id\/wp-content\/uploads\/2019\/04\/IMG_4118-240x300.jpg 240w, https:\/\/yfu.or.id\/wp-content\/uploads\/2019\/04\/IMG_4118-768x960.jpg 768w, https:\/\/yfu.or.id\/wp-content\/uploads\/2019\/04\/IMG_4118.jpg 1080w\" sizes=\"auto, (max-width: 249px) 100vw, 249px\" \/><\/figure><\/div>\n\n\n\n<p style=\"text-align:left\"><strong>Digo, Amerika Serikat 2018-2019<\/strong><br><strong>English:<\/strong><br>Hi everyone! My name is Digo. I am an exchange student from Bandung who got placed in Texas, U.S. Being on an exchange has changed my perspective of everything. At first, I thought coming to America is all about the lifestyle with the parties and all, but after going on an exchange, I learned that most people in America are not like that. <br>This trip taught me that the people of America are kind people who just wanted to spend their time with the people they care about while having fun in the process. I am very grateful to be given this opportunity to be on an exchange program and to meet such lovely and amazing people!<br><strong>Bahasa Indonesia:<\/strong><br>Halo semuanya! Nama saya Digo. Saya siswa pertukaran pelajar dari Bandung yang tinggal di Texas, AS. Mengikuti program pertukaran pelajar telah mengganti perspektif saya tentang segalanya. Pertama-tama, saya pikir orang-orang di Amerika hanya peduli dengan gaya hidup, pesta dan sebagainya. Tapi setelah mengikuti program ini, saya belajar bahwa kebanyakan orang di Amerika tidak seperti itu. <br>Pengalaman ini mengajarkan saya bahwa orang-orang Amerika adalah orang-orang yang ramah yang suka menghabiskan waktu bersama orang-orang yang mereka sayangi sambil bersenang-senang. Saya sangat bersyukur telah diberi kesempatan untuk mengikuti program pertukaran pelajar dan bisa bertemu orang-orang yang sangat baik dan luar biasa! <br><\/p>\n\n\n\n<div class=\"wp-block-image\"><figure class=\"aligncenter is-resized\"><img loading=\"lazy\" decoding=\"async\" src=\"http:\/\/yfu.or.id\/wp-content\/uploads\/2021\/07\/IMG-20210720-WA0006-1024x768.jpg\" alt=\"\" class=\"wp-image-1840\" width=\"289\" height=\"216\" srcset=\"https:\/\/yfu.or.id\/wp-content\/uploads\/2021\/07\/IMG-20210720-WA0006-1024x768.jpg 1024w, https:\/\/yfu.or.id\/wp-content\/uploads\/2021\/07\/IMG-20210720-WA0006-300x225.jpg 300w, https:\/\/yfu.or.id\/wp-content\/uploads\/2021\/07\/IMG-20210720-WA0006-768x576.jpg 768w, https:\/\/yfu.or.id\/wp-content\/uploads\/2021\/07\/IMG-20210720-WA0006-510x382.jpg 510w, https:\/\/yfu.or.id\/wp-content\/uploads\/2021\/07\/IMG-20210720-WA0006-1080x810.jpg 1080w, https:\/\/yfu.or.id\/wp-content\/uploads\/2021\/07\/IMG-20210720-WA0006.jpg 1280w\" sizes=\"auto, (max-width: 289px) 100vw, 289px\" \/><\/figure><\/div>\n\n\n\n<p><strong>Angelique, Belgia Wallonia 2019-2020<\/strong><br><strong>Fran\u00e7ais:<\/strong><br>Bonjour, je m&#8217;appelle Ang\u00e9lique, une \u00e9tudiante d&#8217;\u00e9change en Belgique Wallonie<br>En devenant une \u00e9tudiante d&#8217;\u00e9change, je peux d\u00e9couvrir une autre culture qui est tr\u00e8s diff\u00e9rente de celle que j&#8217;ai ici. Je suis devenue plus ouverte d&#8217;esprit, plus adaptable et devenue plus ind\u00e9pendante.<br>En plus de cela, je suis \u00e9galement devenue plus confiante et courageuse car j&#8217;avais besoin de pouvoir m&#8217;adapter et de me lier d&#8217;amiti\u00e9 avec des gens dans un pays dont je ne parlais pas la langue.<br><strong>Bahasa Indonesia:<br><\/strong>Halo, namaku Angelique, siswi pertukaran pelajar ke Belgia Wallonia&nbsp;<br>dengan menjadi exchange student, aku dapat merasakan kebudayaan lain yang sangat berbeda dengan yang aku miliki disini. menjadikanku lebih berpikiran terbuka, mudah beradaptasi dan aku menjadi lebih mandiri.&nbsp;<br>Selain itu, aku juga menjadi lebih percaya diri dan berani karena aku harus dapat beradaptasi dan berteman dengan orang orang di negara yang aku sendiri tidak bisa bahasanya.<br><\/p>\n\n\n\n<div class=\"wp-block-image\"><figure class=\"aligncenter\"><img loading=\"lazy\" decoding=\"async\" width=\"1024\" height=\"682\" src=\"http:\/\/yfu.or.id\/wp-content\/uploads\/2021\/08\/d774ce4d-f7d2-4368-9e31-8cd6134c39af-1024x682.jpg\" alt=\"\" class=\"wp-image-1861\" srcset=\"https:\/\/yfu.or.id\/wp-content\/uploads\/2021\/08\/d774ce4d-f7d2-4368-9e31-8cd6134c39af-1024x682.jpg 1024w, https:\/\/yfu.or.id\/wp-content\/uploads\/2021\/08\/d774ce4d-f7d2-4368-9e31-8cd6134c39af-300x200.jpg 300w, https:\/\/yfu.or.id\/wp-content\/uploads\/2021\/08\/d774ce4d-f7d2-4368-9e31-8cd6134c39af-768x511.jpg 768w, https:\/\/yfu.or.id\/wp-content\/uploads\/2021\/08\/d774ce4d-f7d2-4368-9e31-8cd6134c39af-1080x719.jpg 1080w, https:\/\/yfu.or.id\/wp-content\/uploads\/2021\/08\/d774ce4d-f7d2-4368-9e31-8cd6134c39af.jpg 1280w\" sizes=\"auto, (max-width: 1024px) 100vw, 1024px\" \/><\/figure><\/div>\n\n\n\n<p><strong>Fayzelo, Jerman 2018-2019<\/strong><br><strong>Deutsch:<\/strong><br>Moin! mein Name ist Fayzello, Austauschsch\u00fcler von Indonesien nach Deutschland. Ich habe in einem Dorf namens Spelle gelebt. Das Leben dort ist ganz anders als mein Alltag in Indonesien. Ich habe die deutsche Kultur kennengelernt, die sich von Indonesien unterscheidet und auch die Kultur der Menschen im Dorf, die sich von der Stadt, in der ich in Jakarta lebe, unterscheidet. Am anfang war es schwierig, aber nach einer Zeit war ich sehr gl\u00fccklich dort zu leben und sogar keine Lust mehr nach hause zu gehen. Ich habe neue Familie und Freunde, die immer noch mit mir in Kontakt bleiben. Nach diesem Austauschprogramm kann ich flie\u00dfend Deutsch sprechen und es macht mich aufgeschlossener und leichter, mich an eine neue Umgebung anzupassen.<br><strong>Bahasa Indonesia:<\/strong><br>Hallo! nama saya Fayzello siswa pertukaran pelajar ke Jerman. Saya tinggal di sebuah desa bernama Spelle. Kehidupan disana sangat berbeda dengan kehidupan sehari hari saya di indonesia. Saya belajar kebudayaan Jerman yang berbeda dengan Indonesia dan juga kebudayaan orang orang di desa yang berbeda dengan kota saya tinggal di Jakarta. awal awal memang sulit untuk membiasakan diri, namun setelah beberapa lama saya sangat senang tinggal disana dan bahkan males untuk pulang. saya mendaparkan keluarga baru dan teman teman yang sampai sekarang masih kontak dengan saya. Setelah program exchange ini saya bisa berbicara bahasa jerman dengan lancar dan membuat saya menjadi lebih open minded dan mudah untuk beradaptasi dengan lingkungan yang baru.<\/p>\n\n\n\n<div class=\"wp-block-image\"><figure class=\"aligncenter is-resized\"><img loading=\"lazy\" decoding=\"async\" src=\"http:\/\/yfu.or.id\/wp-content\/uploads\/2021\/09\/90e1debf-4464-4af8-9c51-ac1bd1848fd3-710x1024.jpeg\" alt=\"\" class=\"wp-image-2114\" width=\"253\" height=\"364\" srcset=\"https:\/\/yfu.or.id\/wp-content\/uploads\/2021\/09\/90e1debf-4464-4af8-9c51-ac1bd1848fd3-710x1024.jpeg 710w, https:\/\/yfu.or.id\/wp-content\/uploads\/2021\/09\/90e1debf-4464-4af8-9c51-ac1bd1848fd3-208x300.jpeg 208w, https:\/\/yfu.or.id\/wp-content\/uploads\/2021\/09\/90e1debf-4464-4af8-9c51-ac1bd1848fd3-768x1108.jpeg 768w, https:\/\/yfu.or.id\/wp-content\/uploads\/2021\/09\/90e1debf-4464-4af8-9c51-ac1bd1848fd3-1080x1558.jpeg 1080w, https:\/\/yfu.or.id\/wp-content\/uploads\/2021\/09\/90e1debf-4464-4af8-9c51-ac1bd1848fd3.jpeg 1420w\" sizes=\"auto, (max-width: 253px) 100vw, 253px\" \/><\/figure><\/div>\n\n\n\n<p><strong>Nadya, Perancis 2016-2017<br><strong>Fran\u00e7ais:<\/strong><br><\/strong>Bonjour! Je m\u2019appelle Nadya, en 2016 je suis partie en France et j\u2019ai habit\u00e9 dans un petit village nomm\u00e9 Bourg Argental, pr\u00e8s de Lyon.Pendant mon s\u00e9jour en France, j\u2019ai fais des nouvelles rencontres, j\u2019ai \u00e9galement gagn\u00e9 beaucoup de nouvelles exp\u00e9riences, j\u2019ai appris la culture fran\u00e7aise ainsi que la langue fran\u00e7aise. Gr\u00e2ce \u00e0 cette exp\u00e9rience, je m\u2019adapte beaucoup plus facilement dans des nouveaux environnements.\u00c0 la fin de mon s\u00e9jour, je ne voulais pas rentrer en Indon\u00e9sie et donc j\u2019ai d\u00e9cid\u00e9 de revenir en France pour mes \u00e9tudes. Le plus important est que j\u2019ai bien profit\u00e9 de cette belle exp\u00e9rience, et je suis devenue plus ouverte \u00e0 toutes opportunit\u00e9s.<br><strong>Bahasa Indonesia:<\/strong><br>Halo semua! Namaku Nadya, pada tahun 2016 aku berangkat ke Prancis dan ditempatkan di desa kecil bernama Bourg Argental, dekat kota Lyon.&nbsp;Selama tinggal di Prancis, aku tidak hanya mendapatkan teman-teman baru tapi juga mendapatkan banyak pengalaman, belajar budaya Prancis dan juga belajar bahasa Prancis. Dari pengalaman ini juga aku jadi gampang beradaptasi dalam lingkungan baru.&nbsp;Pada akhir tahunnya aku gak mau pulang, dan akhirnya memutuskan untuk balik kuliah di Prancis.Yang paling penting adalah aku senang telah melewati pengelaman ini, dan berkat ini aku jadi dapat membuka diriku untuk segala kesempatan baru.<\/p>\n\n\n\n<p><br><\/p>\n<\/div>\n\n\n\n<div class=\"wp-block-column is-layout-flow wp-block-column-is-layout-flow\">\n<div class=\"wp-block-image\"><figure class=\"aligncenter is-resized\"><img loading=\"lazy\" decoding=\"async\" src=\"http:\/\/yfu.or.id\/wp-content\/uploads\/2021\/07\/windmill-858143_1280-734x1024.jpeg\" alt=\"\" class=\"wp-image-1837\" width=\"224\" height=\"312\" srcset=\"https:\/\/yfu.or.id\/wp-content\/uploads\/2021\/07\/windmill-858143_1280-734x1024.jpeg 734w, https:\/\/yfu.or.id\/wp-content\/uploads\/2021\/07\/windmill-858143_1280-215x300.jpeg 215w, https:\/\/yfu.or.id\/wp-content\/uploads\/2021\/07\/windmill-858143_1280-768x1072.jpeg 768w, https:\/\/yfu.or.id\/wp-content\/uploads\/2021\/07\/windmill-858143_1280.jpeg 917w\" sizes=\"auto, (max-width: 224px) 100vw, 224px\" \/><\/figure><\/div>\n\n\n\n<p><strong>Rossely, Belanda 2017-2018<\/strong><br><strong>Nederlands:<\/strong><br>Bijna 1 jaar lang leerde ik niet alleen de cultuur van de mensen in Nederland kennen, maar werd ik er ook een deel van. Ik heb heel veel nieuwe ervaring en kennis opgedaan. Van het eten, tot de kleding, tot de stijl van spreken, tot het onderwijssysteem, alles was nieuw voor mij. In het begin was het heel moeilijk om me aan te passen, maar ik kreeg daar veel hulp van veel mensen. Na verloop van tijd, raakte ik eraan gewend en voelde ik me echt een deel van de mensen daar. Als ik nog een kans zou krijgen om als uitwisselingsstudent te gaan, zou ik dat doen.<br><strong>Bahasa Indonesia:<\/strong><br>Selama hampir 1 tahun aku tidak hanya belajar mengenai budaya orang-orang di Belanda, tetapi juga menjadi bagian darinya. Aku mendapat banyak sekali pengalaman dan pengetahuan baru. Dari makanan, pakaian, gaya bicara, sampai sistem pendidikan, semuanya baru bagiku. Awalnya memang sangat sulit untuk beradaptasi, tapi aku mendapat banyak bantuan dari banyak orang disana. Seiring berjalannya waktu, aku menjadi terbiasa dan merasa benar-benar menjadi bagian dari orang-orang disana. Jika aku diberi kesempatan lagi untuk pergi sebagai pertukaran pelajar, aku akan melakukannya.<\/p>\n\n\n\n<div class=\"wp-block-image\"><figure class=\"aligncenter is-resized\"><img loading=\"lazy\" decoding=\"async\" src=\"http:\/\/yfu.or.id\/wp-content\/uploads\/2021\/08\/11c7ca8a-e4fa-486f-b8ff-168a3da57b84-682x1024.jpg\" alt=\"\" class=\"wp-image-1860\" width=\"242\" height=\"363\" srcset=\"https:\/\/yfu.or.id\/wp-content\/uploads\/2021\/08\/11c7ca8a-e4fa-486f-b8ff-168a3da57b84-682x1024.jpg 682w, https:\/\/yfu.or.id\/wp-content\/uploads\/2021\/08\/11c7ca8a-e4fa-486f-b8ff-168a3da57b84-200x300.jpg 200w, https:\/\/yfu.or.id\/wp-content\/uploads\/2021\/08\/11c7ca8a-e4fa-486f-b8ff-168a3da57b84-768x1154.jpg 768w, https:\/\/yfu.or.id\/wp-content\/uploads\/2021\/08\/11c7ca8a-e4fa-486f-b8ff-168a3da57b84.jpg 852w\" sizes=\"auto, (max-width: 242px) 100vw, 242px\" \/><\/figure><\/div>\n\n\n\n<p><strong>Fira, Jepang 2015-2016<\/strong><br><strong>\u65e5\u672c\u8a9e:<\/strong><br>\u65e5\u672c\u306f\u826f\u3044\u610f\u5473\u3067\u79c1\u3092\u4eba\u3068\u3057\u3066\u5927\u304d\u304f\u5909\u3048\u3066\u304f\u308c\u307e\u3057\u305f\u3002\u307b\u3068\u3093\u3069\u306e\u65e5\u672c\u4eba\u306f\u975e\u5e38\u306b\u3088\u304f\u6e96\u5099\u3055\u308c\u3066\u52b9\u7387\u7684\u3067\u3042\u308b\u305f\u3081\u3001\u305d\u308c\u306f\u79c1\u304c\u4eca\u65e5\u306e\u81ea\u5206\u306b\u5f71\u97ff\u3092\u4e0e\u3048\u307e\u3059\u3002\u30db\u30b9\u30c8\u30d5\u30a1\u30df\u30ea\u30fc\u3084\u5148\u751f\u3084\u53cb\u9054\u304c\u305f\u304f\u3055\u3093\u4e16\u8a71\u3092\u3057\u3066\u304f\u308c\u3066\u3001\u8272\u3093\u306a\u6240\u306b\u9023\u308c\u3066\u884c\u3063\u3066\u304f\u308c\u3066\u300112\u30f6\u6708\u306f\u9577\u304f\u3066\u697d\u3057\u304b\u3063\u305f\u3067\u3059\u3002<br>\u6ca2\u5c71\u306e\u53cb\u9054\u3082\u3067\u304d\u307e\u3057\u305f\uff01 \u65e5\u672c\u4eba\u3060\u3051\u3067\u306a\u304f\u3001\u8272\u3093\u306a\u56fd\u304b\u3089\u306e\u53cb\u9054\u3082\u3067\u304d\u307e\u3057\u305f\u3001\u6771\u4eac\u306b\u3044\u308b\u304a\u304b\u3052\u3067\u305d\u308c\u3092\u3068\u3066\u3082\u52a9\u304b\u308a\u307e\u3057\u305f\u3002\u6700\u521d\u306e3\u301c4\u30f6\u6708\u306f\u3001\u307b\u3068\u3093\u3069\u8ab0\u3082\u77e5\u3089\u305a\u3001\u8a00\u8449\u3082\u4e0a\u624b\u304f\u8a71\u305b\u306a\u3044\u306e\u3067\u5927\u5909\u3067\u3059\u3057\u3001\u65e5\u672c\u4eba\u306f\u6065\u305a\u304b\u3057\u304c\u308a\u5c4b\u3067\u3001\u79c1\u3082\u305d\u3046\u3067\u3059\u3002\u5b66\u6821\u3067\u53cb\u9054\u3092\u4f5c\u3089\u306a\u304d\u3083\u3044\u3051\u306a\u3044\u304b\u3089\u3001\u6700\u521d\u306f\u3068\u3066\u3082\u5fc3\u914d\u3067\u3057\u305f\u3002\u3067\u3082\u3001\u30af\u30e9\u30b9\u30e1\u30fc\u30c8\u3084\u7559\u5b66\u751f\u306e\u53cb\u9054\u306f\u3001\u7a4d\u6975\u7684\u306b\u79c1\u306b\u8a71\u3057\u304b\u3051\u305f\u308a\u3001\u8272\u3093\u306a\u3053\u3068\u3092\u6559\u3048\u3066\u304f\u308c\u3066\u3001\u611f\u8b1d\u3057\u3066\u3044\u307e\u3059\u3002<br>\u6ede\u5728\u4e2d\u306f\u4e00\u751f\u5fd8\u308c\u3089\u308c\u306a\u3044\u6065\u305a\u304b\u3057\u3044\u77ac\u9593\u304c\u305f\u304f\u3055\u3093\u3042\u308a\u3001\u305d\u3057\u3066\u591a\u5206\u5468\u308a\u306e\u4eba\u9054\u306b\u3082\u8ff7\u60d1\u304b\u3051\u305f\u308a\u3059\u308b\u3082\u3042\u308a\u307e\u3059\u3002\u3057\u304b\u3057\u3001\u305d\u308c\u306f\u541b\u306e\u904e\u3061\u304b\u3089\u5b66\u3073\u3001\u9762\u767d\u3044\u8a71\u3092\u3059\u308b\u3088\u3046\u306b\u306a\u308b\u3067\u3057\u3087\u3046\u3002<br>\u3053\u306e\u7d4c\u9a13\u306f\u672c\u5f53\u306b\u79c1\u306e\u76ee\u304a\u958b\u3051\u3066\u52c9\u5f37\u306b\u306a\u308a\u307e\u3059\u3002\u3053\u306e\u7d4c\u9a13\u306f\u672c\u5f53\u306b\u79c1\u306e\u76ee\u304a\u958b\u3051\u3066\u52c9\u5f37\u306b\u306a\u308a\u307e\u3059\u3002\u306a\u305c\u306a\u3089\u3001\u304a\u305d\u3089\u304f\u3044\u3064\u3082\u5947\u5999\u3060\u3068\u601d\u3063\u3066\u3044\u305f\u3053\u3068\u304c\u3001\u4ed6\u306e\u56fd\u3067\u306f\u5947\u5999\u3067\u306f\u306a\u3044\u304b\u3089\u3067\u3059\u3002\u9006\u3082\u305d\u3046\u3067\u3059\u3002\u57fa\u672c\u7684\u306b\u4f55\u3082\u5947\u5999\u306a\u3053\u3068\u3067\u306f\u306a\u3044\u304b\u3089\u3001\u81ea\u5206\u3067\u305d\u308c\u306b\u6163\u308c\u3066\u3044\u306a\u3044\u3060\u3051\u3067\u3059\u3002\u5e30\u56fd\u304b\u30895\u5e74\u7d4c\u3061\u307e\u3059\u304c\u3001\u7279\u306b\u8a18\u61b6\u304c\u826f\u3051\u308c\u3070\u3001\u4f55\u304b\u611b\u7740\u3092\u611f\u3058\u3084\u3059\u3044\u30bf\u30a4\u30d7\u306a\u306e\u3067\u3001\u3042\u306e\u6642\u306e\u601d\u3044\u51fa\u3092\u4eca\u3067\u3082\u9bae\u3084\u304b\u306b\u601d\u3044\u51fa\u3059\u3053\u3068\u304c\u3067\u304d\u3001\u3044\u3064\u307e\u3067\u3082 \u305d\u306e\u77ac\u9593\u306b\u623b\u308a\u305f\u3044\u3002<br><strong>Bahasa Indonesia:<\/strong><br>Karena orang Jepang dikenal sebagai orang yang efisien dan selau siap dalam segala hal, pengalaman <em>exchange student<\/em> ke Jepang banyak mengubah menjadi pribadi dan memberikan pengaruh yang baik untukku. 12 bulan terasa lama dan menyenangkan karena <em>host family, <\/em>guru, dan juga teman-temanku banyak membantuku dan juga mengajakku ke berbagai tempat di Jepang. <br>Bukan hanya orang Jepang saja, namun aku juga bertemu dan berteman dengan banyak orang dari berbagai negara. Saat aku berada di Jepang, 3-4 bulan pertama terasa berat, karena gak kenal siapa-siapa dan juga belum lancar untuk berbicara Bahasa Jepang. Karena orang Jepang juga dikenal sebagai orang yang pemalu, dan aku juga orang yang pemalu, awalnya aku sempat khawatir karena aku tentunya harus berteman di sekolah. Tapi teman sekelas dan teman sesama <em>exchange student<\/em>ku banyak membantuku dan juga mengajakku ngobrol, dan aku sangat berterimakasih sama mereka.<br>Saat <em>exchange student<\/em>, akan ada banyak hal memalukan yang akan terus teringat dan mungkin juga banyak menyusahkan orang-orang disekitar, tapi hal itu bisa menjadi pelajaran untuk kedepannya dan juga menjadi cerita lucu yang bisa diceritakan nanti. Pengalaman ini banyak membuka mata dan wawasanku, hal yang selalu kulihat aneh mungkin biasa saja di negara lain, begitu juga sebaliknya, dan bahwa sebenarnya tidak ada hal yang aneh, hanya tak terbiasa saja.<br>Karena aku orang yang gampang terikat pada sesuatu apalagi kalau memori mengenai hal itu menyenangkan, jadi walapun sudah 5 tahun dari kepulanganku dari Jepang, semua memori selama aku di Jepang masih terbayang dengan jelas dan sekarang pun aku akan selalu mau kembali ke momen itu.<\/p>\n\n\n\n<div class=\"wp-block-image\"><figure class=\"aligncenter is-resized\"><img loading=\"lazy\" decoding=\"async\" src=\"http:\/\/yfu.or.id\/wp-content\/uploads\/2021\/10\/6efffb11-77ed-4617-a6b9-22c9668eb60a-738x1024.jpeg\" alt=\"\" class=\"wp-image-2123\" width=\"249\" height=\"344\" srcset=\"https:\/\/yfu.or.id\/wp-content\/uploads\/2021\/10\/6efffb11-77ed-4617-a6b9-22c9668eb60a-738x1024.jpeg 738w, https:\/\/yfu.or.id\/wp-content\/uploads\/2021\/10\/6efffb11-77ed-4617-a6b9-22c9668eb60a-768x1065.jpeg 768w, https:\/\/yfu.or.id\/wp-content\/uploads\/2021\/10\/6efffb11-77ed-4617-a6b9-22c9668eb60a.jpeg 1001w\" sizes=\"auto, (max-width: 249px) 100vw, 249px\" \/><\/figure><\/div>\n\n\n\n<p><strong>Helio, Finlandia 2020-2021<\/strong><br><strong>Suomalainen:<\/strong><br>Terve! nimeni on Helio, olen kotoisin surabayasta, olin vaihto-opiskelija Suomessa 2020-2021 YFU:n kanssa, is\u00e4nt\u00e4kaupunkini Suomessa on sijaitsee Tampereella. Vaihto Kokemukseni on tosi hieno, vaikka on olemassa maailmanlaajuinen pandemia, mulla k\u00e4vi tuuri is\u00e4nt\u00e4perheen kanssa, koska he ovat varsin mukavia ja eritt\u00e4in yst\u00e4v\u00e4llisi\u00e4, sitten tota, mun is\u00e4nt\u00e4kouluni oli mukava, se sijaitsi melko l\u00e4hell\u00e4 kaupungin keskustaa. Joitakin asioita en saanut kokea, kuten YFU:n henkil\u00f6kohtaisia suuntauksista Koronan vuoksi. Mutta ei h\u00e4t\u00e4\u00e4, koska sain hienon kokemuksen ja uusia yst\u00e4vi\u00e4! YFU on eritt\u00e4in yhteisty\u00f6kykyinen kanssani ja auttaa paljon ongelmini, joita mulla oli Suomessa, Kiitos Paljon YFU!<br><strong>Bahasa Indonesia:<\/strong><br>Hi! Nama saya Helio, saya berasal dari Surabaya, saya alumni dari YFU yang pergi ke Finland tahun 2020-2021. Pada saat di Finland saya berdomisili di area Tampere yang terletak 200km dari Ibu kota Finland yang bernama Helsinki. Pengalaman saya sebagai Exchange Student sangatlah baik walaupun pada saat itu ada pandemi global yang mengakibatkan saya untuk berangkat lebih telat dari biasanya. Saya sangat beruntung mendapatkan host-family yang sangat baik dan ramah, sekolah saya terletak di tengah kota dan dengan lingkungan yang sangat baik. Walaupun ada beberapa hal yang tidak bisa saya lakukan karena adanya pandemi seperti bertemu dengan exchange student dari negara lain, namun itu tidak ada masalah karena saya mendapatkan experience baik serta teman baru dan pengetahuan tentang Finland. YFU menangani hal-hal terkait program pertukaran pelajar dengan baik dan sangat<br>membantu ketika ada masalah walaupun itu masalah kecil maupun masalah besar. Saya berterima kasih kepada pihak YFU atas kesempatan dan bimbingan yang telah diberikan.<\/p>\n\n\n\n<p><br><\/p>\n\n\n\n<p><br><\/p>\n<\/div>\n<\/div>\n","protected":false},"excerpt":{"rendered":"<p>Digo, Amerika Serikat 2018-2019English:Hi everyone! My name is Digo. I am an exchange student from Bandung who got placed in Texas, U.S. Being on an exchange has changed my perspective of everything. At first, I thought coming to America is all about the lifestyle with the parties and all, but after going on an exchange,&hellip; <a href=\"https:\/\/yfu.or.id\/index.php\/testimoni\/\" class=\"more-link\">Continue reading <span class=\"screen-reader-text\">Testimoni<\/span><\/a><\/p>\n","protected":false},"author":2,"featured_media":0,"parent":0,"menu_order":0,"comment_status":"closed","ping_status":"closed","template":"","meta":{"ngg_post_thumbnail":0,"footnotes":""},"class_list":["post-464","page","type-page","status-publish","hentry","without-featured-image"],"_links":{"self":[{"href":"https:\/\/yfu.or.id\/index.php\/wp-json\/wp\/v2\/pages\/464","targetHints":{"allow":["GET"]}}],"collection":[{"href":"https:\/\/yfu.or.id\/index.php\/wp-json\/wp\/v2\/pages"}],"about":[{"href":"https:\/\/yfu.or.id\/index.php\/wp-json\/wp\/v2\/types\/page"}],"author":[{"embeddable":true,"href":"https:\/\/yfu.or.id\/index.php\/wp-json\/wp\/v2\/users\/2"}],"replies":[{"embeddable":true,"href":"https:\/\/yfu.or.id\/index.php\/wp-json\/wp\/v2\/comments?post=464"}],"version-history":[{"count":27,"href":"https:\/\/yfu.or.id\/index.php\/wp-json\/wp\/v2\/pages\/464\/revisions"}],"predecessor-version":[{"id":2126,"href":"https:\/\/yfu.or.id\/index.php\/wp-json\/wp\/v2\/pages\/464\/revisions\/2126"}],"wp:attachment":[{"href":"https:\/\/yfu.or.id\/index.php\/wp-json\/wp\/v2\/media?parent=464"}],"curies":[{"name":"wp","href":"https:\/\/api.w.org\/{rel}","templated":true}]}}